{"id":146,"date":"2020-11-10T17:36:40","date_gmt":"2020-11-10T17:36:40","guid":{"rendered":"https:\/\/minigenios.unileon.es\/?page_id=146"},"modified":"2020-11-10T17:36:40","modified_gmt":"2020-11-10T17:36:40","slug":"a-traves-del-telescopio","status":"publish","type":"page","link":"https:\/\/minigenios.unileon.es\/index.php\/a-traves-del-telescopio\/","title":{"rendered":"A trav\u00e9s del telescopio"},"content":{"rendered":"\n<figure class=\"wp-block-table\"><table><tbody><tr><td><strong>Tem\u00e1tica<\/strong><\/td><td>CIENCIAS DE LA NATURALEZA. Materia y energ\u00eda<\/td><\/tr><tr><td><strong>Descripci\u00f3n y objetivos<\/strong><\/td><td>Mar\u00eda Mitchell, la primera mujer profesora de astronom\u00eda, va a ser quien orientar\u00e1 a los alumnos en actividad con el telescopio. Ella les explicar\u00e1 todo lo que se puede observar con un telescopio y los estudiantes deben investigar sobre todo lo que se ha mostrado. Si el colegio cuenta con un telescopio ser\u00eda interesante que experimentaran con \u00e9l.\u00a0<\/td><\/tr><\/tbody><\/table><\/figure>\n\n\n\n<figure class=\"wp-block-image size-large\"><img loading=\"lazy\" decoding=\"async\" width=\"551\" height=\"871\" src=\"https:\/\/minigenios.unileon.es\/wp-content\/uploads\/2020\/10\/Captura-de-pantalla-2020-10-22-a-las-8.02.58-2-1.png\" alt=\"\" class=\"wp-image-59\" srcset=\"https:\/\/minigenios.unileon.es\/wp-content\/uploads\/2020\/10\/Captura-de-pantalla-2020-10-22-a-las-8.02.58-2-1.png 551w, https:\/\/minigenios.unileon.es\/wp-content\/uploads\/2020\/10\/Captura-de-pantalla-2020-10-22-a-las-8.02.58-2-1-190x300.png 190w\" sizes=\"auto, (max-width: 551px) 100vw, 551px\" \/><\/figure>\n\n\n\n<p><\/p>\n","protected":false},"excerpt":{"rendered":"<p>Tem\u00e1tica CIENCIAS DE LA NATURALEZA. Materia y energ\u00eda Descripci\u00f3n y objetivos Mar\u00eda Mitchell, la primera mujer profesora de astronom\u00eda, va a ser quien orientar\u00e1 a los alumnos en actividad con el telescopio. Ella les explicar\u00e1 todo lo que se puede observar con un telescopio y los estudiantes deben investigar sobre todo lo que se ha &hellip; <\/p>\n<p class=\"link-more\"><a href=\"https:\/\/minigenios.unileon.es\/index.php\/a-traves-del-telescopio\/\" class=\"more-link\">Continuar leyendo<span class=\"screen-reader-text\"> \u00abA trav\u00e9s del telescopio\u00bb<\/span><\/a><\/p>\n","protected":false},"author":1,"featured_media":0,"parent":0,"menu_order":0,"comment_status":"closed","ping_status":"closed","template":"","meta":{"footnotes":""},"class_list":["post-146","page","type-page","status-publish","hentry"],"_links":{"self":[{"href":"https:\/\/minigenios.unileon.es\/index.php\/wp-json\/wp\/v2\/pages\/146","targetHints":{"allow":["GET"]}}],"collection":[{"href":"https:\/\/minigenios.unileon.es\/index.php\/wp-json\/wp\/v2\/pages"}],"about":[{"href":"https:\/\/minigenios.unileon.es\/index.php\/wp-json\/wp\/v2\/types\/page"}],"author":[{"embeddable":true,"href":"https:\/\/minigenios.unileon.es\/index.php\/wp-json\/wp\/v2\/users\/1"}],"replies":[{"embeddable":true,"href":"https:\/\/minigenios.unileon.es\/index.php\/wp-json\/wp\/v2\/comments?post=146"}],"version-history":[{"count":1,"href":"https:\/\/minigenios.unileon.es\/index.php\/wp-json\/wp\/v2\/pages\/146\/revisions"}],"predecessor-version":[{"id":147,"href":"https:\/\/minigenios.unileon.es\/index.php\/wp-json\/wp\/v2\/pages\/146\/revisions\/147"}],"wp:attachment":[{"href":"https:\/\/minigenios.unileon.es\/index.php\/wp-json\/wp\/v2\/media?parent=146"}],"curies":[{"name":"wp","href":"https:\/\/api.w.org\/{rel}","templated":true}]}}