{"id":139,"date":"2020-11-10T17:28:56","date_gmt":"2020-11-10T17:28:56","guid":{"rendered":"https:\/\/minigenios.unileon.es\/?page_id=139"},"modified":"2020-11-10T17:37:17","modified_gmt":"2020-11-10T17:37:17","slug":"descubriendo-otros-lugares","status":"publish","type":"page","link":"https:\/\/minigenios.unileon.es\/index.php\/descubriendo-otros-lugares\/","title":{"rendered":"Descubriendo otros lugares"},"content":{"rendered":"\n<figure class=\"wp-block-table\"><table><tbody><tr><td><strong>Tem\u00e1tica<\/strong><\/td><td>LENGUA CASTELLANA Y LITERATURA. Educaci\u00f3n literaria<\/td><\/tr><tr><td><strong>Descripci\u00f3n y objetivos<\/strong><\/td><td>La lectura nos hace transportarnos a otros lugares que no conocemos, espacios reales o ficticios. Emilia Pardo Baz\u00e1n ten\u00eda una biblioteca con muchos libros y cada d\u00eda que eleg\u00eda uno para leer se imaginaba c\u00f3mo ser\u00eda ese lugar que se describ\u00eda. Los alumnos deben elegir uno de sus libros preferidos y deben crear y describir un sitio donde colocar\u00edan a los protagonistas de su libro. La descripci\u00f3n debe ser completa y adecuada al momento que sucede en la narraci\u00f3n.<\/td><\/tr><\/tbody><\/table><\/figure>\n\n\n\n<figure class=\"wp-block-image size-large\"><img loading=\"lazy\" decoding=\"async\" width=\"553\" height=\"872\" src=\"https:\/\/minigenios.unileon.es\/wp-content\/uploads\/2020\/10\/Captura-de-pantalla-2020-10-22-a-las-8.03.30-2.png\" alt=\"\" class=\"wp-image-43\" srcset=\"https:\/\/minigenios.unileon.es\/wp-content\/uploads\/2020\/10\/Captura-de-pantalla-2020-10-22-a-las-8.03.30-2.png 553w, https:\/\/minigenios.unileon.es\/wp-content\/uploads\/2020\/10\/Captura-de-pantalla-2020-10-22-a-las-8.03.30-2-190x300.png 190w\" sizes=\"auto, (max-width: 553px) 100vw, 553px\" \/><\/figure>\n\n\n\n<p><\/p>\n","protected":false},"excerpt":{"rendered":"<p>Tem\u00e1tica LENGUA CASTELLANA Y LITERATURA. Educaci\u00f3n literaria Descripci\u00f3n y objetivos La lectura nos hace transportarnos a otros lugares que no conocemos, espacios reales o ficticios. Emilia Pardo Baz\u00e1n ten\u00eda una biblioteca con muchos libros y cada d\u00eda que eleg\u00eda uno para leer se imaginaba c\u00f3mo ser\u00eda ese lugar que se describ\u00eda. Los alumnos deben elegir &hellip; <\/p>\n<p class=\"link-more\"><a href=\"https:\/\/minigenios.unileon.es\/index.php\/descubriendo-otros-lugares\/\" class=\"more-link\">Continuar leyendo<span class=\"screen-reader-text\"> \u00abDescubriendo otros lugares\u00bb<\/span><\/a><\/p>\n","protected":false},"author":1,"featured_media":0,"parent":0,"menu_order":0,"comment_status":"closed","ping_status":"closed","template":"","meta":{"footnotes":""},"class_list":["post-139","page","type-page","status-publish","hentry"],"_links":{"self":[{"href":"https:\/\/minigenios.unileon.es\/index.php\/wp-json\/wp\/v2\/pages\/139","targetHints":{"allow":["GET"]}}],"collection":[{"href":"https:\/\/minigenios.unileon.es\/index.php\/wp-json\/wp\/v2\/pages"}],"about":[{"href":"https:\/\/minigenios.unileon.es\/index.php\/wp-json\/wp\/v2\/types\/page"}],"author":[{"embeddable":true,"href":"https:\/\/minigenios.unileon.es\/index.php\/wp-json\/wp\/v2\/users\/1"}],"replies":[{"embeddable":true,"href":"https:\/\/minigenios.unileon.es\/index.php\/wp-json\/wp\/v2\/comments?post=139"}],"version-history":[{"count":2,"href":"https:\/\/minigenios.unileon.es\/index.php\/wp-json\/wp\/v2\/pages\/139\/revisions"}],"predecessor-version":[{"id":149,"href":"https:\/\/minigenios.unileon.es\/index.php\/wp-json\/wp\/v2\/pages\/139\/revisions\/149"}],"wp:attachment":[{"href":"https:\/\/minigenios.unileon.es\/index.php\/wp-json\/wp\/v2\/media?parent=139"}],"curies":[{"name":"wp","href":"https:\/\/api.w.org\/{rel}","templated":true}]}}