{"id":136,"date":"2020-11-10T17:26:37","date_gmt":"2020-11-10T17:26:37","guid":{"rendered":"https:\/\/minigenios.unileon.es\/?page_id=136"},"modified":"2020-11-10T17:38:01","modified_gmt":"2020-11-10T17:38:01","slug":"el-maravillo-mundo-natural","status":"publish","type":"page","link":"https:\/\/minigenios.unileon.es\/index.php\/el-maravillo-mundo-natural\/","title":{"rendered":"El maravillo mundo natural"},"content":{"rendered":"\n<figure class=\"wp-block-table\"><table><tbody><tr><td><strong>Tem\u00e1tica<\/strong><\/td><td>CIENCIAS DE LA NATURALEZA. Los seres vivos<\/td><\/tr><tr><td><strong>Descripci\u00f3n y objetivos<\/strong><\/td><td>Este reto se plantea muy divertido. Los alumnos deben investigar sobre los numerosos viajes que realiz\u00f3 Alexander von Humboldt. En todos esos lugares que nuestro minigenio visit\u00f3 tienen que localizar una planta caracter\u00edstica de all\u00ed y hablar sobre c\u00f3mo ser\u00eda su proceso desde que germina la semilla, el tipo de tierra que necesita, riego, etc.<\/td><\/tr><\/tbody><\/table><\/figure>\n\n\n\n<figure class=\"wp-block-image size-large\"><img loading=\"lazy\" decoding=\"async\" width=\"552\" height=\"871\" src=\"https:\/\/minigenios.unileon.es\/wp-content\/uploads\/2020\/10\/Captura-de-pantalla-2020-10-22-a-las-8.02.54-2-1.png\" alt=\"\" class=\"wp-image-58\" srcset=\"https:\/\/minigenios.unileon.es\/wp-content\/uploads\/2020\/10\/Captura-de-pantalla-2020-10-22-a-las-8.02.54-2-1.png 552w, https:\/\/minigenios.unileon.es\/wp-content\/uploads\/2020\/10\/Captura-de-pantalla-2020-10-22-a-las-8.02.54-2-1-190x300.png 190w\" sizes=\"auto, (max-width: 552px) 100vw, 552px\" \/><\/figure>\n\n\n\n<p><\/p>\n","protected":false},"excerpt":{"rendered":"<p>Tem\u00e1tica CIENCIAS DE LA NATURALEZA. Los seres vivos Descripci\u00f3n y objetivos Este reto se plantea muy divertido. Los alumnos deben investigar sobre los numerosos viajes que realiz\u00f3 Alexander von Humboldt. En todos esos lugares que nuestro minigenio visit\u00f3 tienen que localizar una planta caracter\u00edstica de all\u00ed y hablar sobre c\u00f3mo ser\u00eda su proceso desde que &hellip; <\/p>\n<p class=\"link-more\"><a href=\"https:\/\/minigenios.unileon.es\/index.php\/el-maravillo-mundo-natural\/\" class=\"more-link\">Continuar leyendo<span class=\"screen-reader-text\"> \u00abEl maravillo mundo natural\u00bb<\/span><\/a><\/p>\n","protected":false},"author":1,"featured_media":0,"parent":0,"menu_order":0,"comment_status":"closed","ping_status":"closed","template":"","meta":{"footnotes":""},"class_list":["post-136","page","type-page","status-publish","hentry"],"_links":{"self":[{"href":"https:\/\/minigenios.unileon.es\/index.php\/wp-json\/wp\/v2\/pages\/136","targetHints":{"allow":["GET"]}}],"collection":[{"href":"https:\/\/minigenios.unileon.es\/index.php\/wp-json\/wp\/v2\/pages"}],"about":[{"href":"https:\/\/minigenios.unileon.es\/index.php\/wp-json\/wp\/v2\/types\/page"}],"author":[{"embeddable":true,"href":"https:\/\/minigenios.unileon.es\/index.php\/wp-json\/wp\/v2\/users\/1"}],"replies":[{"embeddable":true,"href":"https:\/\/minigenios.unileon.es\/index.php\/wp-json\/wp\/v2\/comments?post=136"}],"version-history":[{"count":2,"href":"https:\/\/minigenios.unileon.es\/index.php\/wp-json\/wp\/v2\/pages\/136\/revisions"}],"predecessor-version":[{"id":151,"href":"https:\/\/minigenios.unileon.es\/index.php\/wp-json\/wp\/v2\/pages\/136\/revisions\/151"}],"wp:attachment":[{"href":"https:\/\/minigenios.unileon.es\/index.php\/wp-json\/wp\/v2\/media?parent=136"}],"curies":[{"name":"wp","href":"https:\/\/api.w.org\/{rel}","templated":true}]}}