{"id":133,"date":"2020-11-10T16:39:20","date_gmt":"2020-11-10T16:39:20","guid":{"rendered":"https:\/\/minigenios.unileon.es\/?page_id=133"},"modified":"2020-11-10T17:34:26","modified_gmt":"2020-11-10T17:34:26","slug":"viaje-con-nosotros","status":"publish","type":"page","link":"https:\/\/minigenios.unileon.es\/index.php\/viaje-con-nosotros\/","title":{"rendered":"Viaje con nosotros"},"content":{"rendered":"\n<figure class=\"wp-block-table\"><table><tbody><tr><td><strong>Tem\u00e1tica<\/strong><\/td><td>CIENCIAS SOCIALES. Contenidos comunes<\/td><\/tr><tr><td><strong>Descripci\u00f3n y objetivos<\/strong><\/td><td>Isabel Barreto, la primera almirante, viaj\u00f3 mucho en su vida por ello va a ser la que os acompa\u00f1e en este reto. Ella ha planteado una ruta de va de un punto a otro del planeta. En ese itinerario est\u00e1n todas las ciudades donde nacieron y murieron nuestros minigenios. Los alumnos tienen que explicar c\u00f3mo realizar\u00edan ese viaje, que paradas har\u00edan y porqu\u00e9, que medios de transporte utilizar\u00edan, etc., teniendo en cuenta siempre, la \u00e9poca de la historia en la que se encuentran.\u00a0<\/td><\/tr><\/tbody><\/table><\/figure>\n\n\n\n<figure class=\"wp-block-image size-large\"><img loading=\"lazy\" decoding=\"async\" width=\"551\" height=\"872\" src=\"https:\/\/minigenios.unileon.es\/wp-content\/uploads\/2020\/10\/Captura-de-pantalla-2020-10-22-a-las-8.03.02-2-1.png\" alt=\"\" class=\"wp-image-60\" srcset=\"https:\/\/minigenios.unileon.es\/wp-content\/uploads\/2020\/10\/Captura-de-pantalla-2020-10-22-a-las-8.03.02-2-1.png 551w, https:\/\/minigenios.unileon.es\/wp-content\/uploads\/2020\/10\/Captura-de-pantalla-2020-10-22-a-las-8.03.02-2-1-190x300.png 190w\" sizes=\"auto, (max-width: 551px) 100vw, 551px\" \/><\/figure>\n\n\n\n<p><\/p>\n","protected":false},"excerpt":{"rendered":"<p>Tem\u00e1tica CIENCIAS SOCIALES. Contenidos comunes Descripci\u00f3n y objetivos Isabel Barreto, la primera almirante, viaj\u00f3 mucho en su vida por ello va a ser la que os acompa\u00f1e en este reto. Ella ha planteado una ruta de va de un punto a otro del planeta. En ese itinerario est\u00e1n todas las ciudades donde nacieron y murieron &hellip; <\/p>\n<p class=\"link-more\"><a href=\"https:\/\/minigenios.unileon.es\/index.php\/viaje-con-nosotros\/\" class=\"more-link\">Continuar leyendo<span class=\"screen-reader-text\"> \u00abViaje con nosotros\u00bb<\/span><\/a><\/p>\n","protected":false},"author":1,"featured_media":0,"parent":0,"menu_order":0,"comment_status":"closed","ping_status":"closed","template":"","meta":{"footnotes":""},"class_list":["post-133","page","type-page","status-publish","hentry"],"_links":{"self":[{"href":"https:\/\/minigenios.unileon.es\/index.php\/wp-json\/wp\/v2\/pages\/133","targetHints":{"allow":["GET"]}}],"collection":[{"href":"https:\/\/minigenios.unileon.es\/index.php\/wp-json\/wp\/v2\/pages"}],"about":[{"href":"https:\/\/minigenios.unileon.es\/index.php\/wp-json\/wp\/v2\/types\/page"}],"author":[{"embeddable":true,"href":"https:\/\/minigenios.unileon.es\/index.php\/wp-json\/wp\/v2\/users\/1"}],"replies":[{"embeddable":true,"href":"https:\/\/minigenios.unileon.es\/index.php\/wp-json\/wp\/v2\/comments?post=133"}],"version-history":[{"count":2,"href":"https:\/\/minigenios.unileon.es\/index.php\/wp-json\/wp\/v2\/pages\/133\/revisions"}],"predecessor-version":[{"id":145,"href":"https:\/\/minigenios.unileon.es\/index.php\/wp-json\/wp\/v2\/pages\/133\/revisions\/145"}],"wp:attachment":[{"href":"https:\/\/minigenios.unileon.es\/index.php\/wp-json\/wp\/v2\/media?parent=133"}],"curies":[{"name":"wp","href":"https:\/\/api.w.org\/{rel}","templated":true}]}}