{"id":129,"date":"2020-11-10T16:35:23","date_gmt":"2020-11-10T16:35:23","guid":{"rendered":"https:\/\/minigenios.unileon.es\/?page_id=129"},"modified":"2020-11-10T17:38:18","modified_gmt":"2020-11-10T17:38:18","slug":"la-historia-continua","status":"publish","type":"page","link":"https:\/\/minigenios.unileon.es\/index.php\/la-historia-continua\/","title":{"rendered":"La historia continua\u2026"},"content":{"rendered":"\n<figure class=\"wp-block-table\"><table><tbody><tr><td><strong>Tem\u00e1tica<\/strong><\/td><td>CIENCIAS SOCIALES. Las huellas del tiempo<\/td><\/tr><tr><td><strong>Descripci\u00f3n y objetivos<\/strong><\/td><td>Beatriz Galindo, \u201cLa Latina\u201d acompa\u00f1ar\u00e1 a los alumnos en este reto. Ella fue una de las primeras mujeres que estudiaron en la universidad. Le cost\u00f3 mucho porque en la \u00e9poca que vivi\u00f3 s\u00f3lo dejaban estudiar a los hombres, pero finalmente lo consigui\u00f3. \u201cLa Latina\u201d mostrar\u00e1 a los alumnos una \u00e9poca concreta de la historia (Edad Media, Moderna, Contempor\u00e1nea) y les citar\u00e1 algunos los hitos m\u00e1s importantes. Los alumnos deben investigar sobre los mismos y crear una l\u00ednea del tiempo con toda la informaci\u00f3n obtenida.\u00a0<\/td><\/tr><\/tbody><\/table><\/figure>\n\n\n\n<figure class=\"wp-block-image size-large\"><img loading=\"lazy\" decoding=\"async\" width=\"551\" height=\"874\" src=\"https:\/\/minigenios.unileon.es\/wp-content\/uploads\/2020\/10\/Captura-de-pantalla-2020-10-22-a-las-8.03.14-2-1.png\" alt=\"\" class=\"wp-image-63\" srcset=\"https:\/\/minigenios.unileon.es\/wp-content\/uploads\/2020\/10\/Captura-de-pantalla-2020-10-22-a-las-8.03.14-2-1.png 551w, https:\/\/minigenios.unileon.es\/wp-content\/uploads\/2020\/10\/Captura-de-pantalla-2020-10-22-a-las-8.03.14-2-1-189x300.png 189w\" sizes=\"auto, (max-width: 551px) 100vw, 551px\" \/><\/figure>\n\n\n\n<p><\/p>\n","protected":false},"excerpt":{"rendered":"<p>Tem\u00e1tica CIENCIAS SOCIALES. Las huellas del tiempo Descripci\u00f3n y objetivos Beatriz Galindo, \u201cLa Latina\u201d acompa\u00f1ar\u00e1 a los alumnos en este reto. Ella fue una de las primeras mujeres que estudiaron en la universidad. Le cost\u00f3 mucho porque en la \u00e9poca que vivi\u00f3 s\u00f3lo dejaban estudiar a los hombres, pero finalmente lo consigui\u00f3. \u201cLa Latina\u201d mostrar\u00e1 &hellip; <\/p>\n<p class=\"link-more\"><a href=\"https:\/\/minigenios.unileon.es\/index.php\/la-historia-continua\/\" class=\"more-link\">Continuar leyendo<span class=\"screen-reader-text\"> \u00abLa historia continua\u2026\u00bb<\/span><\/a><\/p>\n","protected":false},"author":1,"featured_media":0,"parent":0,"menu_order":0,"comment_status":"closed","ping_status":"closed","template":"","meta":{"footnotes":""},"class_list":["post-129","page","type-page","status-publish","hentry"],"_links":{"self":[{"href":"https:\/\/minigenios.unileon.es\/index.php\/wp-json\/wp\/v2\/pages\/129","targetHints":{"allow":["GET"]}}],"collection":[{"href":"https:\/\/minigenios.unileon.es\/index.php\/wp-json\/wp\/v2\/pages"}],"about":[{"href":"https:\/\/minigenios.unileon.es\/index.php\/wp-json\/wp\/v2\/types\/page"}],"author":[{"embeddable":true,"href":"https:\/\/minigenios.unileon.es\/index.php\/wp-json\/wp\/v2\/users\/1"}],"replies":[{"embeddable":true,"href":"https:\/\/minigenios.unileon.es\/index.php\/wp-json\/wp\/v2\/comments?post=129"}],"version-history":[{"count":2,"href":"https:\/\/minigenios.unileon.es\/index.php\/wp-json\/wp\/v2\/pages\/129\/revisions"}],"predecessor-version":[{"id":152,"href":"https:\/\/minigenios.unileon.es\/index.php\/wp-json\/wp\/v2\/pages\/129\/revisions\/152"}],"wp:attachment":[{"href":"https:\/\/minigenios.unileon.es\/index.php\/wp-json\/wp\/v2\/media?parent=129"}],"curies":[{"name":"wp","href":"https:\/\/api.w.org\/{rel}","templated":true}]}}