{"id":125,"date":"2020-11-10T16:31:07","date_gmt":"2020-11-10T16:31:07","guid":{"rendered":"https:\/\/minigenios.unileon.es\/?page_id=125"},"modified":"2020-11-10T17:38:45","modified_gmt":"2020-11-10T17:38:45","slug":"skeletory-llama-a-tu-puerta","status":"publish","type":"page","link":"https:\/\/minigenios.unileon.es\/index.php\/skeletory-llama-a-tu-puerta\/","title":{"rendered":"Skeletory llama a tu puerta"},"content":{"rendered":"\n<figure class=\"wp-block-table\"><table><tbody><tr><td><strong>Tem\u00e1tica<\/strong><\/td><td>CIENCIAS DE LA NATURALEZA. El ser humano y la salud<\/td><\/tr><tr><td><strong>Descripci\u00f3n y objetivos<\/strong><\/td><td>Elizabeth Blackwell se le conoce como la primera mujer m\u00e9dico de la historia. Los alumnos podr\u00e1n conocer su persona leyendo su relato y analizando el cuerpo humano como ella hac\u00eda a diario. El reto propuesto para ello consiste en que los alumnos deben dise\u00f1ar (como ellos prefieran) a Skeletory, un esqueleto humano. Deben utilizar materiales reciclados y a\u00f1adir los \u00f3rganos y partes principales.\u00a0<\/td><\/tr><\/tbody><\/table><\/figure>\n\n\n\n<figure class=\"wp-block-image size-large\"><img loading=\"lazy\" decoding=\"async\" width=\"551\" height=\"872\" src=\"https:\/\/minigenios.unileon.es\/wp-content\/uploads\/2020\/10\/Captura-de-pantalla-2020-10-22-a-las-8.02.49-2-1.png\" alt=\"\" class=\"wp-image-57\" srcset=\"https:\/\/minigenios.unileon.es\/wp-content\/uploads\/2020\/10\/Captura-de-pantalla-2020-10-22-a-las-8.02.49-2-1.png 551w, https:\/\/minigenios.unileon.es\/wp-content\/uploads\/2020\/10\/Captura-de-pantalla-2020-10-22-a-las-8.02.49-2-1-190x300.png 190w\" sizes=\"auto, (max-width: 551px) 100vw, 551px\" \/><\/figure>\n\n\n\n<p><\/p>\n","protected":false},"excerpt":{"rendered":"<p>Tem\u00e1tica CIENCIAS DE LA NATURALEZA. El ser humano y la salud Descripci\u00f3n y objetivos Elizabeth Blackwell se le conoce como la primera mujer m\u00e9dico de la historia. Los alumnos podr\u00e1n conocer su persona leyendo su relato y analizando el cuerpo humano como ella hac\u00eda a diario. El reto propuesto para ello consiste en que los &hellip; <\/p>\n<p class=\"link-more\"><a href=\"https:\/\/minigenios.unileon.es\/index.php\/skeletory-llama-a-tu-puerta\/\" class=\"more-link\">Continuar leyendo<span class=\"screen-reader-text\"> \u00abSkeletory llama a tu puerta\u00bb<\/span><\/a><\/p>\n","protected":false},"author":1,"featured_media":0,"parent":0,"menu_order":0,"comment_status":"closed","ping_status":"closed","template":"","meta":{"footnotes":""},"class_list":["post-125","page","type-page","status-publish","hentry"],"_links":{"self":[{"href":"https:\/\/minigenios.unileon.es\/index.php\/wp-json\/wp\/v2\/pages\/125","targetHints":{"allow":["GET"]}}],"collection":[{"href":"https:\/\/minigenios.unileon.es\/index.php\/wp-json\/wp\/v2\/pages"}],"about":[{"href":"https:\/\/minigenios.unileon.es\/index.php\/wp-json\/wp\/v2\/types\/page"}],"author":[{"embeddable":true,"href":"https:\/\/minigenios.unileon.es\/index.php\/wp-json\/wp\/v2\/users\/1"}],"replies":[{"embeddable":true,"href":"https:\/\/minigenios.unileon.es\/index.php\/wp-json\/wp\/v2\/comments?post=125"}],"version-history":[{"count":3,"href":"https:\/\/minigenios.unileon.es\/index.php\/wp-json\/wp\/v2\/pages\/125\/revisions"}],"predecessor-version":[{"id":153,"href":"https:\/\/minigenios.unileon.es\/index.php\/wp-json\/wp\/v2\/pages\/125\/revisions\/153"}],"wp:attachment":[{"href":"https:\/\/minigenios.unileon.es\/index.php\/wp-json\/wp\/v2\/media?parent=125"}],"curies":[{"name":"wp","href":"https:\/\/api.w.org\/{rel}","templated":true}]}}