{"id":122,"date":"2020-11-10T16:25:09","date_gmt":"2020-11-10T16:25:09","guid":{"rendered":"https:\/\/minigenios.unileon.es\/?page_id=122"},"modified":"2020-11-10T17:37:47","modified_gmt":"2020-11-10T17:37:47","slug":"el-electromagnetismo-de-tesla","status":"publish","type":"page","link":"https:\/\/minigenios.unileon.es\/index.php\/el-electromagnetismo-de-tesla\/","title":{"rendered":"El electromagnetismo de Tesla"},"content":{"rendered":"\n<figure class=\"wp-block-table\"><table><tbody><tr><td><strong>Tem\u00e1tica<\/strong><\/td><td>CIENCIAS DE LA NATURALEZA. Iniciaci\u00f3n a la actividad cient\u00edfica<\/td><\/tr><tr><td><strong>Descripci\u00f3n y objetivos<\/strong><\/td><td>Los alumnos profundizar\u00e1n en la figura de Nikola Tesla, en sus invenciones y en su campo de trabajo. Los alumnos deber\u00e1n de crear un circuito en el que tengan que llevar una bola met\u00e1lica de un punto a otro, dirigi\u00e9ndola, solo, con electroimanes. El circuito puede incluir un n\u00famero mayor o menos de curvas para aumentar o disminuir su dificultad.\u00a0<\/td><\/tr><\/tbody><\/table><\/figure>\n\n\n\n<figure class=\"wp-block-image size-large\"><img loading=\"lazy\" decoding=\"async\" width=\"551\" height=\"872\" src=\"https:\/\/minigenios.unileon.es\/wp-content\/uploads\/2020\/10\/Captura-de-pantalla-2020-10-22-a-las-8.02.44-2.png\" alt=\"\" class=\"wp-image-32\" srcset=\"https:\/\/minigenios.unileon.es\/wp-content\/uploads\/2020\/10\/Captura-de-pantalla-2020-10-22-a-las-8.02.44-2.png 551w, https:\/\/minigenios.unileon.es\/wp-content\/uploads\/2020\/10\/Captura-de-pantalla-2020-10-22-a-las-8.02.44-2-190x300.png 190w\" sizes=\"auto, (max-width: 551px) 100vw, 551px\" \/><\/figure>\n\n\n\n<p><\/p>\n","protected":false},"excerpt":{"rendered":"<p>Tem\u00e1tica CIENCIAS DE LA NATURALEZA. Iniciaci\u00f3n a la actividad cient\u00edfica Descripci\u00f3n y objetivos Los alumnos profundizar\u00e1n en la figura de Nikola Tesla, en sus invenciones y en su campo de trabajo. Los alumnos deber\u00e1n de crear un circuito en el que tengan que llevar una bola met\u00e1lica de un punto a otro, dirigi\u00e9ndola, solo, con &hellip; <\/p>\n<p class=\"link-more\"><a href=\"https:\/\/minigenios.unileon.es\/index.php\/el-electromagnetismo-de-tesla\/\" class=\"more-link\">Continuar leyendo<span class=\"screen-reader-text\"> \u00abEl electromagnetismo de Tesla\u00bb<\/span><\/a><\/p>\n","protected":false},"author":1,"featured_media":0,"parent":0,"menu_order":0,"comment_status":"closed","ping_status":"closed","template":"","meta":{"footnotes":""},"class_list":["post-122","page","type-page","status-publish","hentry"],"_links":{"self":[{"href":"https:\/\/minigenios.unileon.es\/index.php\/wp-json\/wp\/v2\/pages\/122","targetHints":{"allow":["GET"]}}],"collection":[{"href":"https:\/\/minigenios.unileon.es\/index.php\/wp-json\/wp\/v2\/pages"}],"about":[{"href":"https:\/\/minigenios.unileon.es\/index.php\/wp-json\/wp\/v2\/types\/page"}],"author":[{"embeddable":true,"href":"https:\/\/minigenios.unileon.es\/index.php\/wp-json\/wp\/v2\/users\/1"}],"replies":[{"embeddable":true,"href":"https:\/\/minigenios.unileon.es\/index.php\/wp-json\/wp\/v2\/comments?post=122"}],"version-history":[{"count":2,"href":"https:\/\/minigenios.unileon.es\/index.php\/wp-json\/wp\/v2\/pages\/122\/revisions"}],"predecessor-version":[{"id":150,"href":"https:\/\/minigenios.unileon.es\/index.php\/wp-json\/wp\/v2\/pages\/122\/revisions\/150"}],"wp:attachment":[{"href":"https:\/\/minigenios.unileon.es\/index.php\/wp-json\/wp\/v2\/media?parent=122"}],"curies":[{"name":"wp","href":"https:\/\/api.w.org\/{rel}","templated":true}]}}