{"id":118,"date":"2020-10-22T09:25:24","date_gmt":"2020-10-22T09:25:24","guid":{"rendered":"https:\/\/minigenios.unileon.es\/?page_id=118"},"modified":"2020-10-22T09:25:24","modified_gmt":"2020-10-22T09:25:24","slug":"creadores","status":"publish","type":"page","link":"https:\/\/minigenios.unileon.es\/index.php\/creadores\/","title":{"rendered":"Creadores"},"content":{"rendered":"\n<p class=\"has-medium-font-size\">\u00bfQui\u00e9nes son los creadores del club de los Minigenios?<\/p>\n\n\n\n<p><br>El equipo que ha dado forma a esta iniciativa lo forman cuatro personas que enumeramos, por orden alfab\u00e9tico:<br><\/p>\n\n\n\n<p><strong>LETICIA BARRIONUEVO<\/strong>: Bibliotecaria y Documentalista desde hace m\u00e1s de veinte a\u00f1os. Trabaja como responsable de la Biblioteca de Filosof\u00eda y Letras de la Universidad de Le\u00f3n. Ha sido la encargada de consultar las fuentes de informaci\u00f3n necesarias para dar forma a los personajes y a sus vivencias en cada uno de los relatos. Se ha encargado, adem\u00e1s, junto con Luis Ignacio Mart\u00ednez Casado (Gamein), del dise\u00f1o de las actividades gamificadas que ayudan a trabajar los textos.<\/p>\n\n\n\n<p><strong>LOLO<\/strong>: ilustrador autodidacta, comienza como dibujante de tiras c\u00f3micas en el Diario de Le\u00f3n, La Cr\u00f3nica de L\u00e9on y continu\u00f3 colaborando en diferentes peri\u00f3dicos, hasta la actualidad que lo hace en La Nueva Cr\u00f3nica. Ha sido galardonado con varios premios, sus obras han sido expuestas en numerosas ocasiones y ha\u00a0publicado\u00a0diversos libros. En este proyecto, Lolo se ha encargado de ilustrar a cada uno de los Minigenios.<br><\/p>\n\n\n\n<p><strong>PATRICIA MELC\u00d3N MART\u00cdNEZ<\/strong>: licenciada en Filolog\u00eda Inglesa y Ling\u00fc\u00edstica Aplicada a la ense\u00f1anza de lenguas extranjeras. Ha desarrollado su carrera profesional en la ense\u00f1anza del ingl\u00e9s como profesora de la Escuela Oficial de Idiomas. Su inter\u00e9s por las lenguas se ha extendido al estudio del franc\u00e9s, italiano y ruso. Tambi\u00e9n ha colaborado con medios editoriales como revisora y traductora. En la actualidad trabaja como Asesora T\u00e9cnico Do-cente del Ministerio de Educaci\u00f3n. Patricia ha sido la responsable de elaborar algunos de los textos y su traducci\u00f3n al ingl\u00e9s.<br><\/p>\n\n\n\n<p><strong>MIGUEL SOTO<\/strong>: licenciado en Filolog\u00eda Hisp\u00e1nica y postgrado en Gui\u00f3n de Cine y Tele-visi\u00f3n. Aunque su carrera profesional est\u00e1 vinculada al mundo de la aeron\u00e1utica, su inter\u00e9s por la creaci\u00f3n cultural lo ha llevado a la escritura de guiones, a colaborar en la realizaci\u00f3n de cortos y a la publicaci\u00f3n regular de columnas de opini\u00f3n en La Nueva Cr\u00f3nica. Miguel es autor de algunos de los cuentos en su versi\u00f3n en espa\u00f1ol.<\/p>\n\n\n\n<p><\/p>\n","protected":false},"excerpt":{"rendered":"<p>\u00bfQui\u00e9nes son los creadores del club de los Minigenios? El equipo que ha dado forma a esta iniciativa lo forman cuatro personas que enumeramos, por orden alfab\u00e9tico: LETICIA BARRIONUEVO: Bibliotecaria y Documentalista desde hace m\u00e1s de veinte a\u00f1os. Trabaja como responsable de la Biblioteca de Filosof\u00eda y Letras de la Universidad de Le\u00f3n. Ha sido &hellip; <\/p>\n<p class=\"link-more\"><a href=\"https:\/\/minigenios.unileon.es\/index.php\/creadores\/\" class=\"more-link\">Continuar leyendo<span class=\"screen-reader-text\"> \u00abCreadores\u00bb<\/span><\/a><\/p>\n","protected":false},"author":1,"featured_media":0,"parent":0,"menu_order":0,"comment_status":"closed","ping_status":"closed","template":"","meta":{"footnotes":""},"class_list":["post-118","page","type-page","status-publish","hentry"],"_links":{"self":[{"href":"https:\/\/minigenios.unileon.es\/index.php\/wp-json\/wp\/v2\/pages\/118","targetHints":{"allow":["GET"]}}],"collection":[{"href":"https:\/\/minigenios.unileon.es\/index.php\/wp-json\/wp\/v2\/pages"}],"about":[{"href":"https:\/\/minigenios.unileon.es\/index.php\/wp-json\/wp\/v2\/types\/page"}],"author":[{"embeddable":true,"href":"https:\/\/minigenios.unileon.es\/index.php\/wp-json\/wp\/v2\/users\/1"}],"replies":[{"embeddable":true,"href":"https:\/\/minigenios.unileon.es\/index.php\/wp-json\/wp\/v2\/comments?post=118"}],"version-history":[{"count":1,"href":"https:\/\/minigenios.unileon.es\/index.php\/wp-json\/wp\/v2\/pages\/118\/revisions"}],"predecessor-version":[{"id":119,"href":"https:\/\/minigenios.unileon.es\/index.php\/wp-json\/wp\/v2\/pages\/118\/revisions\/119"}],"wp:attachment":[{"href":"https:\/\/minigenios.unileon.es\/index.php\/wp-json\/wp\/v2\/media?parent=118"}],"curies":[{"name":"wp","href":"https:\/\/api.w.org\/{rel}","templated":true}]}}